{"id":18389,"date":"2019-07-10T09:27:34","date_gmt":"2019-07-10T09:27:34","guid":{"rendered":"https:\/\/demo1.wprentals.org\/?page_id=18389"},"modified":"2024-07-15T20:12:23","modified_gmt":"2024-07-16T03:12:23","slug":"gdpr-terms-conditions","status":"publish","type":"page","link":"https:\/\/rentasmaza.com\/index.php\/gdpr-terms-conditions\/","title":{"rendered":"T\u00e9rminos y Condiciones (Terms &#038; Conditions)"},"content":{"rendered":"\t\t<div data-elementor-type=\"wp-page\" data-elementor-id=\"18389\" class=\"elementor elementor-18389\">\n\t\t\t\t<div class=\"elementor-element elementor-element-675c02e6 e-flex e-con-boxed e-con e-parent\" data-id=\"675c02e6\" data-element_type=\"container\" data-e-type=\"container\">\n\t\t\t\t\t<div class=\"e-con-inner\">\n\t\t\t\t<div class=\"elementor-element elementor-element-2d9d8633 elementor-widget elementor-widget-text-editor\" data-id=\"2d9d8633\" data-element_type=\"widget\" data-e-type=\"widget\" data-widget_type=\"text-editor.default\">\n\t\t\t\t<div class=\"elementor-widget-container\">\n\t\t\t\t\t\t\t\t\t<p><\/p>\n<p><\/p>\n<p><\/p>\n<h2 class=\"wp-block-heading\">T\u00e9rminos y condiciones del uso del sitio de rentasmaza.com<\/h2>\n<p><\/p>\n<p><\/p>\n<p>La utilizaci\u00f3n de este sitio y de cualquiera de las aplicaciones del mismo constituye el pleno y expreso consentimiento por parte del usuario para observar y sujetarse respecto de cada uno de los t\u00e9rminos y condiciones que aqu\u00ed se contienen, as\u00ed como respecto de las pol\u00edticas de privacidad, pol\u00edticas de seguridad y, en su caso, cualesquiera otros documentos que conformen parte o regulen la participaci\u00f3n del usuario en este sitio. En el supuesto que cualquiera de los t\u00e9rminos a los que habr\u00e1 de sujetarse el usuario cuando acceda a este sitio sean contrarios a sus intereses, deber\u00e1 abstenerse de hacer uso de este.<\/p>\n<p><\/p>\n<p><\/p>\n<h2><strong>Qui\u00e9nes Somos<\/strong><\/h2>\n<p><\/p>\n<p><\/p>\n<p>Somos una empresa de administraci\u00f3n de rentas vacacionales en Mazatl\u00e1n, M\u00e9xico. Nos especializamos en brindar soluciones completas para administrar propiedades de manera confiable y efectiva. Nos esforzamos por construir relaciones de confianza con nuestros clientes. Nuestra direcci\u00f3n de sitio web es https:\/\/rentasmaza.com.<\/p>\n<p><\/p>\n<p><\/p>\n<h2><strong>Comentarios<\/strong><\/h2>\n<p><\/p>\n<p><\/p>\n<p>Cuando los visitantes dejan comentarios en el sitio web, recopilamos los datos mostrados en el formulario de comentarios, as\u00ed como la direcci\u00f3n IP del visitante y la cadena de agente de usuario del navegador para ayudar en la detecci\u00f3n de spam.<\/p>\n<p><\/p>\n<p><\/p>\n<p>Se puede proporcionar una cadena anonimizada creada a partir de su direcci\u00f3n de correo electr\u00f3nico (tambi\u00e9n llamada hash) al servicio Gravatar para verificar si lo est\u00e1 utilizando. La pol\u00edtica de privacidad del servicio Gravatar est\u00e1 disponible aqu\u00ed: <a href=\"https:\/\/automattic.com\/privacy\/\">https:\/\/automattic.com\/privacy\/<\/a>. Despu\u00e9s de la aprobaci\u00f3n de su comentario, su foto de perfil ser\u00e1 visible para el p\u00fablico en el contexto de su comentario.<\/p>\n<p><\/p>\n<p><\/p>\n<h2><strong>Multimedia<\/strong><\/h2>\n<p><\/p>\n<p><\/p>\n<p>Si carga im\u00e1genes en el sitio web, debe evitar cargar im\u00e1genes con datos de ubicaci\u00f3n incrustados (EXIF GPS). Los visitantes del sitio web pueden descargar y extraer cualquier dato de ubicaci\u00f3n de las im\u00e1genes en el sitio web.<\/p>\n<p><\/p>\n<p><\/p>\n<h2><strong>Cookies<\/strong><\/h2>\n<p><\/p>\n<p><\/p>\n<p>Si deja un comentario en nuestro sitio web, puede optar por guardar su nombre, direcci\u00f3n de correo electr\u00f3nico y sitio web en cookies. Estas son para su conveniencia, para que no tenga que volver a completar sus detalles cuando deje otro comentario. Estas cookies durar\u00e1n un a\u00f1o.<\/p>\n<p><\/p>\n<p><\/p>\n<p>Si tiene una cuenta y se conecta a este sitio, configuraremos una cookie temporal para determinar si su navegador acepta cookies. Esta cookie no contiene datos personales y se descarta cuando cierra su navegador.<\/p>\n<p><\/p>\n<p><\/p>\n<p>Cuando inicia sesi\u00f3n, tambi\u00e9n configuramos varias cookies para guardar su informaci\u00f3n de inicio de sesi\u00f3n y sus opciones de visualizaci\u00f3n de pantalla. Las cookies de inicio de sesi\u00f3n duran dos d\u00edas y las cookies de opciones de pantalla duran un a\u00f1o. Si selecciona &#8220;Recordarme&#8221;, su inicio de sesi\u00f3n persistir\u00e1 durante dos semanas. Si cierra la sesi\u00f3n de su cuenta, las cookies de inicio de sesi\u00f3n se eliminar\u00e1n.<\/p>\n<p><\/p>\n<p><\/p>\n<p>Si edita o publica un art\u00edculo, se guardar\u00e1 una cookie adicional en su navegador. Esta cookie no contiene datos personales y simplemente indica el ID del art\u00edculo que acaba de editar. Caduca despu\u00e9s de 1 d\u00eda.<\/p>\n<p><\/p>\n<p><\/p>\n<h2><strong>Contenido incrustado de otros sitios web<\/strong><\/h2>\n<p><\/p>\n<p><\/p>\n<p>Los art\u00edculos en este sitio pueden incluir contenido incrustado (por ejemplo, videos, im\u00e1genes, art\u00edculos, etc.). El contenido incrustado de otros sitios web se comporta de la misma manera que si el visitante hubiera visitado el otro sitio web.<\/p>\n<p><\/p>\n<p><\/p>\n<p>Estos sitios web pueden recopilar datos sobre usted, utilizar cookies, incrustar un seguimiento adicional de terceros y supervisar su interacci\u00f3n con ese contenido incrustado, incluido el seguimiento de su interacci\u00f3n con el contenido incrustado si tiene una cuenta y est\u00e1 conectado a ese sitio web.<\/p>\n<p><\/p>\n<p><\/p>\n<h2><strong>Cu\u00e1nto tiempo conservamos sus datos<\/strong><\/h2>\n<p><\/p>\n<p><\/p>\n<p>Si deja un comentario, el comentario y sus metadatos se conservan indefinidamente. Esto se hace para que podamos reconocer y aprobar autom\u00e1ticamente cualquier comentario de seguimiento en lugar de retenerlos en una cola de moderaci\u00f3n.<\/p>\n<p><\/p>\n<p><\/p>\n<p>Para los usuarios que se registran en nuestro sitio web (si los hay), tambi\u00e9n almacenamos la informaci\u00f3n personal que proporcionan en su perfil de usuario. Todos los usuarios pueden ver, editar o eliminar su informaci\u00f3n personal en cualquier momento (excepto que no pueden cambiar su nombre de usuario). Los administradores del sitio web tambi\u00e9n pueden ver y editar esa informaci\u00f3n.<\/p>\n<p><\/p>\n<p><\/p>\n<h2><strong>Qu\u00e9 derechos tiene sobre sus datos<\/strong><\/h2>\n<p><\/p>\n<p><\/p>\n<p>Si tiene una cuenta en este sitio o ha dejado comentarios, puede solicitar recibir un archivo exportado de los datos personales que tenemos sobre usted, incluidos los datos que nos ha proporcionado. Tambi\u00e9n puede solicitar que eliminemos cualquier dato personal que tengamos sobre usted. Esto no incluye ning\u00fan dato que estemos obligados a conservar para fines administrativos, legales o de seguridad.<\/p>\n<p><\/p>\n<p><\/p>\n<h1><strong>English<\/strong><\/h1>\n<p><\/p>\n<p><\/p>\n<h2><strong>Terms and conditions of use of the rentasmaza.com site<\/strong><\/h2>\n<p><\/p>\n<p><\/p>\n<p>The use of this site and any of its applications constitutes the full and express consent of the user to observe and be bound by each of the terms and conditions contained herein, as well as the privacy policies, security policies and, where applicable, any other documents that form part of or regulate the user&#8217;s participation in this site. In the event that any of the terms to which the user must be subject when accessing this site are contrary to their interests, they must refrain from using it.<\/p>\n<p><\/p>\n<p><\/p>\n<h2 class=\"wp-block-heading\">Who we are<\/h2>\n<p><\/p>\n<p><\/p>\n<p>We are a vacation rental management company in Mazatl\u00e1n, Mexico. We specialize in providing complete solutions to manage properties reliably and effectively. We strive to build trusting relationships with our clients. Our website address is rentasmaza.com.<\/p>\n<p><\/p>\n<p><\/p>\n<h2 class=\"wp-block-heading\">Comments<\/h2>\n<p><\/p>\n<p><\/p>\n<p>When visitors leave comments on the site we collect the data shown in the comments form, and also the visitor\u2019s IP address and browser user agent string to help spam detection.<\/p>\n<p><\/p>\n<p><\/p>\n<p>An anonymized string created from your email address (also called a hash) may be provided to the Gravatar service to see if you are using it. The Gravatar service privacy policy is available here: https:\/\/automattic.com\/privacy\/. After approval of your comment, your profile picture is visible to the public in the context of your comment.<\/p>\n<p><\/p>\n<p><\/p>\n<h2 class=\"wp-block-heading\">Media<\/h2>\n<p><\/p>\n<p><\/p>\n<p>If you upload images to the website, you should avoid uploading images with embedded location data (EXIF GPS) included. Visitors to the website can download and extract any location data from images on the website.<\/p>\n<p><\/p>\n<p><\/p>\n<h2 class=\"wp-block-heading\">Cookies<\/h2>\n<p><\/p>\n<p><\/p>\n<p>If you leave a comment on our site you may opt-in to saving your name, email address and website in cookies. These are for your convenience so that you do not have to fill in your details again when you leave another comment. These cookies will last for one year.<\/p>\n<p><\/p>\n<p><\/p>\n<p>If you have an account and you log in to this site, we will set a temporary cookie to determine if your browser accepts cookies. This cookie contains no personal data and is discarded when you close your browser.<\/p>\n<p><\/p>\n<p><\/p>\n<p>When you log in, we will also set up several cookies to save your login information and your screen display choices. Login cookies last for two days, and screen options cookies last for a year. If you select &#8220;Remember Me&#8221;, your login will persist for two weeks. If you log out of your account, the login cookies will be removed.<\/p>\n<p><\/p>\n<p><\/p>\n<p>If you edit or publish an article, an additional cookie will be saved in your browser. This cookie includes no personal data and simply indicates the post ID of the article you just edited. It expires after 1 day.<\/p>\n<p><\/p>\n<p><\/p>\n<h2 class=\"wp-block-heading\">Embedded content from other websites<\/h2>\n<p><\/p>\n<p><\/p>\n<p>Articles on this site may include embedded content (e.g. videos, images, articles, etc.). Embedded content from other websites behaves in the exact same way as if the visitor has visited the other website.<\/p>\n<p><\/p>\n<p><\/p>\n<p>These websites may collect data about you, use cookies, embed additional third-party tracking, and monitor your interaction with that embedded content, including tracing your interaction with the embedded content if you have an account and are logged in to that website.<\/p>\n<p><\/p>\n<p><\/p>\n<h2 class=\"wp-block-heading\">How long we retain your data<\/h2>\n<p><\/p>\n<p><\/p>\n<p>If you leave a comment, the comment and its metadata are retained indefinitely. This is so we can recognize and approve any follow-up comments automatically instead of holding them in a moderation queue.<\/p>\n<p><\/p>\n<p><\/p>\n<p>For users that register on our website (if any), we also store the personal information they provide in their user profile. All users can see, edit, or delete their personal information at any time (except they cannot change their username). Website administrators can also see and edit that information.<\/p>\n<p><\/p>\n<p><\/p>\n<h2 class=\"wp-block-heading\">What rights you have over your data<\/h2>\n<p><\/p>\n<p><\/p>\n<p>If you have an account on this site, or have left comments, you can request to receive an exported file of the personal data we hold about you, including any data you have provided to us. You can also request that we erase any personal data we hold about you. This does not include any data we are obliged to keep for administrative, legal, or security purposes.<\/p>\n<p><\/p>\t\t\t\t\t\t\t\t<\/div>\n\t\t\t\t<\/div>\n\t\t\t\t\t<\/div>\n\t\t\t\t<\/div>\n\t\t\t\t<\/div>\n\t\t","protected":false},"excerpt":{"rendered":"<p>T\u00e9rminos y condiciones del uso del sitio de rentasmaza.com La utilizaci\u00f3n de este sitio y de cualquiera de las aplicaciones del mismo constituye el pleno y expreso consentimiento por parte del usuario para observar y sujetarse respecto de cada uno de los t\u00e9rminos y condiciones que aqu\u00ed se contienen, as\u00ed como respecto de las pol\u00edticas &#8230;<\/p>\n","protected":false},"author":1,"featured_media":0,"parent":0,"menu_order":0,"comment_status":"closed","ping_status":"closed","template":"gdpr_terms.php","meta":{"inline_featured_image":false,"iawp_total_views":12,"footnotes":""},"class_list":["post-18389","page","type-page","status-publish","hentry"],"_links":{"self":[{"href":"https:\/\/rentasmaza.com\/index.php\/wp-json\/wp\/v2\/pages\/18389","targetHints":{"allow":["GET"]}}],"collection":[{"href":"https:\/\/rentasmaza.com\/index.php\/wp-json\/wp\/v2\/pages"}],"about":[{"href":"https:\/\/rentasmaza.com\/index.php\/wp-json\/wp\/v2\/types\/page"}],"author":[{"embeddable":true,"href":"https:\/\/rentasmaza.com\/index.php\/wp-json\/wp\/v2\/users\/1"}],"replies":[{"embeddable":true,"href":"https:\/\/rentasmaza.com\/index.php\/wp-json\/wp\/v2\/comments?post=18389"}],"version-history":[{"count":5,"href":"https:\/\/rentasmaza.com\/index.php\/wp-json\/wp\/v2\/pages\/18389\/revisions"}],"predecessor-version":[{"id":20806,"href":"https:\/\/rentasmaza.com\/index.php\/wp-json\/wp\/v2\/pages\/18389\/revisions\/20806"}],"wp:attachment":[{"href":"https:\/\/rentasmaza.com\/index.php\/wp-json\/wp\/v2\/media?parent=18389"}],"curies":[{"name":"wp","href":"https:\/\/api.w.org\/{rel}","templated":true}]}}