{"id":356,"date":"2015-04-23T12:57:21","date_gmt":"2015-04-23T12:57:21","guid":{"rendered":"http:\/\/demo1.wprentals.org\/?page_id=356"},"modified":"2023-12-07T08:28:51","modified_gmt":"2023-12-07T15:28:51","slug":"terms-and-conditions","status":"publish","type":"page","link":"https:\/\/rentasmaza.com\/index.php\/terms-and-conditions\/","title":{"rendered":"T\u00e9rminos y Condiciones"},"content":{"rendered":"<p>Para asegurar que disfruten de su tiempo con nosotros, les pedimos amablemente que respeten nuestras instalaciones y ayuden a mantenerlas en perfectas condiciones para ofrecerles el mejor servicio posible. Les solicitamos que pongas atenci\u00f3n a las siguientes reglas y recomendaciones:<\/p>\n<p><strong>REGLAS<\/strong><\/p>\n<ul>\n<li><strong>CHECK-IN: de 15:00 hasta 20:00.<\/strong>Ser\u00e1 cobrado um adicional de MXN 100.00 por cada hora que exceda este l\u00edmite.<\/li>\n<li><strong>CHECK-OUT: de 08:00 hasta 11:00.<\/strong>Tolerancia m\u00e1xima hasta las 12:00, se cobrar\u00e1 una di\u00e1ria extra al exceder el l\u00edmite de horario.<\/li>\n<li>No se permiten eventos de ning\u00fan tipo (Fiestas, Grupos Musicales, Dj\u2019s) en el interior del inmueble, as\u00ed como en el \u00e1rea com\u00fan.<\/li>\n<li>No se permite fumar dentro del inmueble. Cualquier mueble que sea da\u00f1ado por esta situaci\u00f3n ser\u00e1 cobrado en su valor integral.<\/li>\n<li>No se permiten invitados. El m\u00e1ximo de personas permitidas en el inmueble son los informados al momento de la reservaci\u00f3n.<\/li>\n<li>Solo se permite ingresar el n\u00famero de veh\u00edculos informados al momento de la reservaci\u00f3n, sin ninguna excepci\u00f3n.<\/li>\n<li>Cuidar la pintura de paredes y puertas, evitar mancharlas, cuidando a los ni\u00f1os al jugar y consumir alimentos. En estos casos ser\u00e1n cobrados una limpieza adicional o su valor integral dependiendo el caso.<\/li>\n<li>No colgar ropa en las ventanas o barandal, para esto se deben utilizar los tendederos.<\/li>\n<li>Respetar las reglas particulares de cada condominio.<\/li>\n<li>Disminuir el tono de voz y ruidos a partir de 10PM.<\/li>\n<li>El dep\u00f3sito en garant\u00eda se reembolsar\u00e1 de 1 a 3 d\u00edas despu\u00e9s del CHECK-OUT, por transferencia o dep\u00f3sito bancario, siempre y cuando no se haya encontrado ning\u00fan tipo de da\u00f1o en la propiedad, en los muebles u objetos de la misma.<\/li>\n<li>En caso de da\u00f1os en la propiedad, muebles, extrav\u00edo de objetos o multas de cond\u00f3mino se restar\u00e1 del pago de garant\u00eda, en caso este valor sea mayor al pagado anteriormente por el inquilino, se buscar\u00e1 un acuerdo o su demanda por no cumplir el contrato.<\/li>\n<li>Caso sea necesario cancelar su reservaci\u00f3n, esta deber\u00e1 ser hecha por medio de nuestro sitio. M\u00e1s informaciones sobre como hacer husted encuentra neste link: Politica de Cancelaci\u00f3n.<\/li>\n<li>Para dep\u00f3sito de apartado no se har\u00e1 devoluci\u00f3n por cancelaci\u00f3n con menos de 5 d\u00edas antes de su fecha de entrada.<\/li>\n<\/ul>\n<h4><b>ATENCI\u00d3N:<\/b><br \/>\nAl desobedecer las reglas y recomendaciones se podr\u00e1n realizar sanciones o multas, el cual podr\u00e1 cobrarse en autom\u00e1tico con el dep\u00f3sito de garant\u00eda o al momento del check out. Y dependiendo de la situaci\u00f3n, podr\u00eda haber solicitud de desalojo inmediato del inmueble.<\/h4>\n<h3><strong>RECOMENDACIONES<\/strong><\/h3>\n<ul>\n<li>Si el condominio cuenta con alberca se sol\u00edcita utilizar traje de ba\u00f1o, respetar horarios y no introducir alimentos y bebidas.<\/li>\n<li>Mantener puertas cerradas cuando est\u00e9n los Aires Acondicionado encendidos. Apagarlos, al salir del inmueble.<\/li>\n<li>Cuidar de todos los muebles y objetos del inmueble, favor de avisar si perdieron o rompieron algo para buscar la mejor soluci\u00f3n posible.<\/li>\n<li>Atenci\u00f3n a los ni\u00f1os en \u00e1reas de escaleras y ventanas, no nos hacemos responsables por cualquier accidente que pueda ocurrir.<\/li>\n<li>En caso de extrav\u00edo de llaves, tarjeta de entrada, controles de aires acondicionados o tv, se realizar\u00e1 un cobro por su reposici\u00f3n.<\/li>\n<li>No consumir alimentos en camas y\/o sillones, cualquier suciedad o mancha ser\u00e1n cobrados como una limpieza adicional o su valor integral dependiendo el caso.<\/li>\n<\/ul>\n<p>*** No nos hacemos responsable por servicios suspendidos (Luz, Agua, Internet, Tv a cable u otros) ajenos a nuestro alcance, todos los servicios de terceros son responsabilidad de los mismos.<br \/>\n<b><\/b><\/p>\n<p>Su aceptaci\u00f3n de estos t\u00e9rminos<\/p>\n<p>Al utilizar este Sitio, usted manifiesta su aceptaci\u00f3n de esta pol\u00edtica. Si no est\u00e1 de acuerdo con esta pol\u00edtica, no utilice nuestro Sitio. Su uso continuado del Sitio despu\u00e9s de la publicaci\u00f3n de cambios a esta pol\u00edtica se considerar\u00e1 su aceptaci\u00f3n de dichos cambios.<\/p>\n","protected":false},"excerpt":{"rendered":"<p>Para asegurar que disfruten de su tiempo con nosotros, les pedimos amablemente que respeten nuestras instalaciones y ayuden a mantenerlas en perfectas condiciones para ofrecerles el mejor servicio posible. Les solicitamos que pongas atenci\u00f3n a las siguientes reglas y recomendaciones: REGLAS CHECK-IN: de 15:00 hasta 20:00.Ser\u00e1 cobrado um adicional de MXN 100.00 por cada hora &#8230;<\/p>\n","protected":false},"author":1,"featured_media":0,"parent":0,"menu_order":0,"comment_status":"open","ping_status":"open","template":"terms_conditions.php","meta":{"inline_featured_image":false,"iawp_total_views":15,"footnotes":""},"class_list":["post-356","page","type-page","status-publish","hentry"],"_links":{"self":[{"href":"https:\/\/rentasmaza.com\/index.php\/wp-json\/wp\/v2\/pages\/356","targetHints":{"allow":["GET"]}}],"collection":[{"href":"https:\/\/rentasmaza.com\/index.php\/wp-json\/wp\/v2\/pages"}],"about":[{"href":"https:\/\/rentasmaza.com\/index.php\/wp-json\/wp\/v2\/types\/page"}],"author":[{"embeddable":true,"href":"https:\/\/rentasmaza.com\/index.php\/wp-json\/wp\/v2\/users\/1"}],"replies":[{"embeddable":true,"href":"https:\/\/rentasmaza.com\/index.php\/wp-json\/wp\/v2\/comments?post=356"}],"version-history":[{"count":0,"href":"https:\/\/rentasmaza.com\/index.php\/wp-json\/wp\/v2\/pages\/356\/revisions"}],"wp:attachment":[{"href":"https:\/\/rentasmaza.com\/index.php\/wp-json\/wp\/v2\/media?parent=356"}],"curies":[{"name":"wp","href":"https:\/\/api.w.org\/{rel}","templated":true}]}}